{"id":134657,"date":"2024-05-12T09:03:47","date_gmt":"2024-05-12T07:03:47","guid":{"rendered":"https:\/\/oliduntemps.cat\/oli-ecologic-mallorca\/lagre\/"},"modified":"2025-12-10T12:46:23","modified_gmt":"2025-12-10T10:46:23","slug":"lagre","status":"publish","type":"product","link":"https:\/\/oliduntemps.cat\/de\/oli-ecologic-mallorca\/lagre\/","title":{"rendered":"l&#8217;agre"},"content":{"rendered":"","protected":false},"excerpt":{"rendered":"<p><strong>Box mit 6 Flaschen zu je 500 ml<\/strong><\/p>\n<p>Sortenreines \u00d6l aus Picual-Oliven, das durch eine gro\u00dfe Geschmacksintensit\u00e4t besticht. Ideal f\u00fcr Liebhaber charaktervoller \u00d6le.<\/p>\n","protected":false},"featured_media":134658,"template":"","meta":[],"product_brand":[],"product_cat":[189],"product_tag":[],"class_list":{"0":"post-134657","1":"product","2":"type-product","3":"status-publish","4":"has-post-thumbnail","6":"product_cat-bio-olivenol","8":"first","9":"instock","10":"taxable","11":"shipping-taxable","12":"purchasable","13":"product-type-simple"},"_links":{"self":[{"href":"https:\/\/oliduntemps.cat\/de\/wp-json\/wp\/v2\/product\/134657","targetHints":{"allow":["GET"]}}],"collection":[{"href":"https:\/\/oliduntemps.cat\/de\/wp-json\/wp\/v2\/product"}],"about":[{"href":"https:\/\/oliduntemps.cat\/de\/wp-json\/wp\/v2\/types\/product"}],"wp:featuredmedia":[{"embeddable":true,"href":"https:\/\/oliduntemps.cat\/de\/wp-json\/wp\/v2\/media\/134658"}],"wp:attachment":[{"href":"https:\/\/oliduntemps.cat\/de\/wp-json\/wp\/v2\/media?parent=134657"}],"wp:term":[{"taxonomy":"product_brand","embeddable":true,"href":"https:\/\/oliduntemps.cat\/de\/wp-json\/wp\/v2\/product_brand?post=134657"},{"taxonomy":"product_cat","embeddable":true,"href":"https:\/\/oliduntemps.cat\/de\/wp-json\/wp\/v2\/product_cat?post=134657"},{"taxonomy":"product_tag","embeddable":true,"href":"https:\/\/oliduntemps.cat\/de\/wp-json\/wp\/v2\/product_tag?post=134657"}],"curies":[{"name":"wp","href":"https:\/\/api.w.org\/{rel}","templated":true}]}}