{"id":134682,"date":"2024-07-24T18:13:54","date_gmt":"2024-07-24T16:13:54","guid":{"rendered":"https:\/\/oliduntemps.cat\/enviaments-i-devolucions\/"},"modified":"2024-10-15T13:59:42","modified_gmt":"2024-10-15T11:59:42","slug":"versand-und-ruecksendungen","status":"publish","type":"page","link":"https:\/\/oliduntemps.cat\/de\/versand-und-ruecksendungen\/","title":{"rendered":"Versand und R\u00fccksendungen"},"content":{"rendered":"<div class=\"wpb-content-wrapper\"><p>[vc_row unlock_row_content=&#8220;yes&#8220; row_height_percent=&#8220;0&#8243; override_padding=&#8220;yes&#8220; h_padding=&#8220;0&#8243; top_padding=&#8220;0&#8243; bottom_padding=&#8220;0&#8243; overlay_alpha=&#8220;50&#8243; equal_height=&#8220;yes&#8220; gutter_size=&#8220;0&#8243; column_width_percent=&#8220;100&#8243; shift_y=&#8220;0&#8243; z_index=&#8220;0&#8243; enable_bottom_divider=&#8220;default&#8220; bottom_divider=&#8220;gradient&#8220; shape_bottom_h_use_pixel=&#8220;true&#8220; shape_bottom_height_percent=&#8220;100&#8243; shape_bottom_color=&#8220;color-lxmt&#8220; shape_bottom_opacity=&#8220;100&#8243; shape_bottom_index=&#8220;0&#8243; uncode_shortcode_id=&#8220;190163&#8243; shape_bottom_color_type=&#8220;uncode-palette&#8220;][vc_column column_width_use_pixel=&#8220;yes&#8220; position_horizontal=&#8220;right&#8220; position_vertical=&#8220;middle&#8220; gutter_size=&#8220;3&#8243; override_padding=&#8220;yes&#8220; column_padding=&#8220;4&#8243; overlay_alpha=&#8220;50&#8243; shift_x=&#8220;0&#8243; shift_y=&#8220;0&#8243; shift_y_down=&#8220;0&#8243; z_index=&#8220;0&#8243; medium_width=&#8220;0&#8243; mobile_width=&#8220;0&#8243; width=&#8220;1\/1&#8243; uncode_shortcode_id=&#8220;561155&#8243; column_width_pixel=&#8220;950&#8243;][vc_column_text uncode_shortcode_id=&#8220;208819&#8243;]<\/p>\n<h2>Enviament<\/h2>\n<p><strong>Oli duntemps<\/strong> realitzar\u00e0 l\u2019enviament de comandes a tots els territoris de la Comunitat Europea.<\/p>\n<p>Llevat que hi hagi peticions espec\u00edfiques de productes fora d\u2019estoc, o que es produesquin circumst\u00e0ncies imprevistes o extraordin\u00e0ries, s\u2019enviar\u00e0 la comanda consistent en el producte\/s relacionat\/s en cada Confirmaci\u00f3 d\u2019enviament en el termini m\u00e0xim de\u00a07 dies laborables\u00a0des de la data de la Confirmaci\u00f3 de la comanda.<\/p>\n<p>Si per algun motiu no pogu\u00e9ssim complir amb la data de lliurament, informarem l\u2019usuari d\u2019aquesta circumst\u00e0ncia i li donarem l\u2019opci\u00f3 de seguir endavant amb la compra, amb una nova data de lliurament, o anul\u00b7larem la comanda amb el reemborsament total del preu pagat.<\/p>\n<p>A l\u2019efecte d\u2019aquestes Condicions, s\u2019entendr\u00e0 que s\u2019ha produ\u00eft el \u201clliurament\u201d o que s\u2019ha \u201clliurat\u201d la comanda en el moment en qu\u00e8 l\u2019usuari o un tercer indicat per l\u2019usuari aconseguesqui la possessi\u00f3 material dels productes, la qual cosa s\u2019acreditar\u00e0 mitjan\u00e7ant la firma de la recepci\u00f3 de la comanda a l\u2019adre\u00e7a de lliurament acordada.<\/p>\n<h2>Devolucions<\/h2>\n<p><strong>Dret legal a desistir de la compra<\/strong><\/p>\n<p>L\u2019usuari no t\u00e9 dret a desistir d\u2019aquest contracte perqu\u00e8 es tracta d\u2019un producte alimentari, tal com recull el RDL 1\/2007, de 16 de novembre, pel qual s\u2019aprova el text ref\u00f3s de la Llei general per a la defensa dels consumidors i usuaris.<\/p>\n<p><strong>Devolucions de productes defectuosos<\/strong><\/p>\n<p>En els casos en qu\u00e8 l\u2019usuari consideri que en el moment del lliurament el producte no s\u2019ajusta a l\u2019estipulat en el contracte, s\u2019ha de posar en contacte amb nosaltres de manera immediata a trav\u00e9s d\u2019<a href=\"mailto:info@oliduntemps.cat\" target=\"_blank\" rel=\"noopener\">info@oliduntemps.cat<\/a> o a trav\u00e9s del nostre formulari de contacte i facilitar-nos les dades del producte, aix\u00ed com el dany que pateix. El producte podr\u00e0 tornar-se i s\u2019ha d\u2019enviar a l\u2019adre\u00e7a indicada anteriorment. Examinarem detingudament el producte retornat i et comunicarem per correu electr\u00f2nic en un termini raonable si \u00e9s procedent el reemborsament o la substituci\u00f3 del producte. El reemborsament o la substituci\u00f3 de l\u2019article s\u2019efectuar\u00e0 tan aviat com sigui possible i, en tot cas, dins els 14 dies seg\u00fcents a la data en qu\u00e8 t\u2019enviem un correu electr\u00f2nic confirmant que procedeix el reemborsament o la substituci\u00f3 de l\u2019article no conforme. Les quantitats pagades pels productes que es retornin a causa d\u2019alguna tara o defecte, si realment existeix, et seran reemborsades \u00edntegrament, incloses les despeses de lliurament en qu\u00e8 s\u2019hagi incorregut per entregar l\u2019article i els costos en qu\u00e8 haguessis incorregut per retornar-nos el producte. La devoluci\u00f3 s\u2019efectuar\u00e0 en el mateix mitj\u00e0 de pagament que s\u2019utilitz\u00e0 per pagar la compra.<\/p>\n<h2>Pol\u00edtica de canvi de productes<\/h2>\n<p><strong>Oli duntemps<\/strong>\u00a0no admet el canvi entre un producte comprat per l\u2019usuari per un altre producte que s\u2019oferesqui al lloc web.[\/vc_column_text][\/vc_column][\/vc_row]<\/p>\n<\/div>","protected":false},"excerpt":{"rendered":"<p>[vc_row unlock_row_content=&#8220;yes&#8220; row_height_percent=&#8220;0&#8243; override_padding=&#8220;yes&#8220; h_padding=&#8220;0&#8243; top_padding=&#8220;0&#8243; bottom_padding=&#8220;0&#8243; overlay_alpha=&#8220;50&#8243; equal_height=&#8220;yes&#8220; gutter_size=&#8220;0&#8243; column_width_percent=&#8220;100&#8243; shift_y=&#8220;0&#8243; z_index=&#8220;0&#8243; enable_bottom_divider=&#8220;default&#8220; bottom_divider=&#8220;gradient&#8220; shape_bottom_h_use_pixel=&#8220;true&#8220; shape_bottom_height_percent=&#8220;100&#8243; shape_bottom_color=&#8220;color-lxmt&#8220; shape_bottom_opacity=&#8220;100&#8243; shape_bottom_index=&#8220;0&#8243; [&hellip;]<\/p>\n","protected":false},"author":1,"featured_media":0,"parent":0,"menu_order":0,"comment_status":"closed","ping_status":"closed","template":"","meta":{"footnotes":""},"class_list":["post-134682","page","type-page","status-publish","hentry"],"_links":{"self":[{"href":"https:\/\/oliduntemps.cat\/de\/wp-json\/wp\/v2\/pages\/134682","targetHints":{"allow":["GET"]}}],"collection":[{"href":"https:\/\/oliduntemps.cat\/de\/wp-json\/wp\/v2\/pages"}],"about":[{"href":"https:\/\/oliduntemps.cat\/de\/wp-json\/wp\/v2\/types\/page"}],"author":[{"embeddable":true,"href":"https:\/\/oliduntemps.cat\/de\/wp-json\/wp\/v2\/users\/1"}],"replies":[{"embeddable":true,"href":"https:\/\/oliduntemps.cat\/de\/wp-json\/wp\/v2\/comments?post=134682"}],"version-history":[{"count":2,"href":"https:\/\/oliduntemps.cat\/de\/wp-json\/wp\/v2\/pages\/134682\/revisions"}],"predecessor-version":[{"id":134684,"href":"https:\/\/oliduntemps.cat\/de\/wp-json\/wp\/v2\/pages\/134682\/revisions\/134684"}],"wp:attachment":[{"href":"https:\/\/oliduntemps.cat\/de\/wp-json\/wp\/v2\/media?parent=134682"}],"curies":[{"name":"wp","href":"https:\/\/api.w.org\/{rel}","templated":true}]}}